{"id":1623,"date":"2019-02-19T13:17:34","date_gmt":"2019-02-19T12:17:34","guid":{"rendered":"http:\/\/wp8.ipk.fraunhofer.de\/?page_id=1623"},"modified":"2019-12-02T19:45:10","modified_gmt":"2019-12-02T18:45:10","slug":"bayer-erstellung-eines-community-guidebooks-und-webniars","status":"publish","type":"page","link":"https:\/\/wissensmanagement.ipk.fraunhofer.de\/?page_id=1623","title":{"rendered":"Erstellung eines Community Guidebooks und Webinars"},"content":{"rendered":"\n<hr class=\"wp-block-separator\"\/>\n\n\n\n<p>Auftraggeber:  Globales Kompetenz-Zentrum f\u00fcr IT- und Business Services  eines f\u00fchrenden Unternehmens der Pharmaindustrie<\/p>\n\n\n\n<hr class=\"wp-block-separator\"\/>\n\n\n\n<p>Laufzeit: 5 Monate<\/p>\n\n\n\n<p>Das Leistungsangebot des Kompetenz-Zentrums orientiert sich konsequent an den Gesch\u00e4ftsprozessen der Gesamtorganisation und konzentriert sich auf die Kernbereiche IT-Infrastruktur und -Anwendungen, Einkauf und Trade Services, Personaldienstleistungen, Finanz- und Rechnungswesen sowie Management\u00adberatung. Innerhalb des Kompetenzzentrums etablieren sich zunehmend Communities of Practice. Diese zielen u.a. darauf ab, die Entwicklung und den Transfer von Wissen und Erfahrungen zu relevanten Themenkomplexen zu f\u00f6rdern. Vor diesem Hintergrund wurde auf der Basis vorhandener Vorarbeiten und mit Unterst\u00fctzung durch externe Experten ein Guidebook sowie ein Webinar in englischer Sprache erstellt. Das Guidebook soll die die wichtigsten Kernaspekte und Rahmenbedingungen f\u00fcr Communities of Practice dokumentieren und somit Orientierung f\u00fcr die aktuellen und zuk\u00fcnftigen Communities bieten. <br><br>Ziel des Projektes \u201eErstellung eines Community Guidebooks und Webinars&#8220; war die Erarbeitung eines praktischen ca. 30-seitigen Handlungsleitfadens (inkl. Checklisten und Vorlagen) und eines ca. 5-10 min\u00fctigen Screencasts in englischer Sprache, um die Etablierung und Weiterentwicklung von Communities of Practice  zu unterst\u00fctzen. Hierbei wurden Erkenntnisse aus der Theorie und Best Practices zu Communities sowie die Rahmenbedingungender Organisation gleicherma\u00dfen ber\u00fccksichtigt. Das Guidebook und das Webinar sollen die Mitarbeiter darin unterst\u00fctzen, Communities of Practice systematisch (weiter) zu entwickeln.<\/p>\n\n\n\n<hr class=\"wp-block-separator\"\/>\n\n\n\n<p><\/p>\n\n\n\n<hr class=\"wp-block-separator\"\/>\n","protected":false},"excerpt":{"rendered":"<p>Auftraggeber: Globales Kompetenz-Zentrum f\u00fcr IT- und Business Services eines f\u00fchrenden Unternehmens der Pharmaindustrie Laufzeit: 5 Monate Das Leistungsangebot des Kompetenz-Zentrums orientiert sich konsequent an den Gesch\u00e4ftsprozessen der Gesamtorganisation und konzentriert sich auf die Kernbereiche IT-Infrastruktur und -Anwendungen, Einkauf und Trade&#8230;<\/p>\n","protected":false},"author":3,"featured_media":0,"parent":0,"menu_order":0,"comment_status":"closed","ping_status":"closed","template":"","meta":[],"_links":{"self":[{"href":"https:\/\/wissensmanagement.ipk.fraunhofer.de\/index.php?rest_route=\/wp\/v2\/pages\/1623"}],"collection":[{"href":"https:\/\/wissensmanagement.ipk.fraunhofer.de\/index.php?rest_route=\/wp\/v2\/pages"}],"about":[{"href":"https:\/\/wissensmanagement.ipk.fraunhofer.de\/index.php?rest_route=\/wp\/v2\/types\/page"}],"author":[{"embeddable":true,"href":"https:\/\/wissensmanagement.ipk.fraunhofer.de\/index.php?rest_route=\/wp\/v2\/users\/3"}],"replies":[{"embeddable":true,"href":"https:\/\/wissensmanagement.ipk.fraunhofer.de\/index.php?rest_route=%2Fwp%2Fv2%2Fcomments&post=1623"}],"version-history":[{"count":13,"href":"https:\/\/wissensmanagement.ipk.fraunhofer.de\/index.php?rest_route=\/wp\/v2\/pages\/1623\/revisions"}],"predecessor-version":[{"id":1818,"href":"https:\/\/wissensmanagement.ipk.fraunhofer.de\/index.php?rest_route=\/wp\/v2\/pages\/1623\/revisions\/1818"}],"wp:attachment":[{"href":"https:\/\/wissensmanagement.ipk.fraunhofer.de\/index.php?rest_route=%2Fwp%2Fv2%2Fmedia&parent=1623"}],"curies":[{"name":"wp","href":"https:\/\/api.w.org\/{rel}","templated":true}]}}