{"id":201,"date":"2018-07-31T15:17:36","date_gmt":"2018-07-31T13:17:36","guid":{"rendered":"http:\/\/wp8.ipk.fraunhofer.de\/?page_id=201"},"modified":"2019-02-19T11:10:00","modified_gmt":"2019-02-19T10:10:00","slug":"ueber-wissensmanagement-2","status":"publish","type":"page","link":"https:\/\/wissensmanagement.ipk.fraunhofer.de\/?page_id=201","title":{"rendered":"\u00dcber Wissensmanagement"},"content":{"rendered":"<p>Der Bereich des Wissensmanagements erlebt durch die Kombination aus neuen Technologien, Anwendungstypen, sozialen Interaktionsmustern und Organisationsprinzipien sowie Gesch\u00e4ftsmodellen einen Wandel. Eine lernende Organisation, die ihre Ziele durch lernf\u00f6rderliche Handlungsmuster und neue Technologien erreicht, bedarf einer fachgem\u00e4\u00dfen Entwicklung und Beratung, um sowohl die strategischen Gesch\u00e4ftszielen zu erreichen als auch ihre operativen Abl\u00e4ufe zu optimieren. Wissensmanagement ist mehr als die Verwaltung von Daten und Informationen. Innerhalb des Wissensmanagement r\u00fcckt der Mitarbeiter in den Mittelpunkt als der eigentliche Know-how-Tr\u00e4ger.<\/p>\n<p>Das CCWM am Fraunhofer IPK bietet hierzu ein modulares Methodenset an, welches das gesamte Spektrum abdeckt: Von der Orientierung und Analyse, \u00fcber die Integration von Wissensmanagement in Gesch\u00e4ftsprozesse, bis zur nachhaltigen Umsetzung und Bewertung der Wissensmanagement Ma\u00dfnahmen. Als Leitlinie zur systematischen Einf\u00fchrung von Wissensmanagement orientiert sich das CCWM an dem 3-Ebenen-Modell, welches f\u00fcr ein ganzheitliches Wissensmanagement die Faktoren Mensch, Prozess und Informationstechnik in den Fokus stellt.<\/p>\n\n\n<div class=\"wp-container-3 wp-block-columns has-2-columns\">\n<div class=\"wp-container-1 wp-block-column\">\n<div class=\"wp-block-image\"><figure class=\"alignright is-resized\"><a href=\"https:\/\/wissensmanagement.ipk.fraunhofer.de\/wp-content\/uploads\/2019\/01\/Bild2-1.png\" target=\"_blank\" rel=\"noreferrer noopener\"><img loading=\"lazy\" src=\"https:\/\/wissensmanagement.ipk.fraunhofer.de\/wp-content\/uploads\/2019\/01\/Bild2-1-1024x778.png\" alt=\"\" class=\"wp-image-1145\" width=\"328\" height=\"249\" srcset=\"https:\/\/wissensmanagement.ipk.fraunhofer.de\/wp-content\/uploads\/2019\/01\/Bild2-1-1024x778.png 1024w, https:\/\/wissensmanagement.ipk.fraunhofer.de\/wp-content\/uploads\/2019\/01\/Bild2-1-300x228.png 300w, https:\/\/wissensmanagement.ipk.fraunhofer.de\/wp-content\/uploads\/2019\/01\/Bild2-1-768x583.png 768w, https:\/\/wissensmanagement.ipk.fraunhofer.de\/wp-content\/uploads\/2019\/01\/Bild2-1.png 1057w\" sizes=\"(max-width: 328px) 100vw, 328px\" \/><\/a><figcaption><em>3-Ebenen-Modell: Mensch \u2013 Prozess \u2013 Technologie<\/em><\/figcaption><\/figure><\/div>\n<\/div>\n\n\n\n<div class=\"wp-container-2 wp-block-column\">\n<div class=\"wp-block-image\"><figure class=\"aligncenter is-resized\"><a href=\"https:\/\/wissensmanagement.ipk.fraunhofer.de\/wp-content\/uploads\/2019\/01\/Bild3.png\" target=\"_blank\" rel=\"noreferrer noopener\"><img loading=\"lazy\" src=\"https:\/\/wissensmanagement.ipk.fraunhofer.de\/wp-content\/uploads\/2019\/01\/Bild3.png\" alt=\"\" class=\"wp-image-1144\" width=\"261\" height=\"226\" srcset=\"https:\/\/wissensmanagement.ipk.fraunhofer.de\/wp-content\/uploads\/2019\/01\/Bild3.png 806w, https:\/\/wissensmanagement.ipk.fraunhofer.de\/wp-content\/uploads\/2019\/01\/Bild3-300x261.png 300w, https:\/\/wissensmanagement.ipk.fraunhofer.de\/wp-content\/uploads\/2019\/01\/Bild3-768x668.png 768w\" sizes=\"(max-width: 261px) 100vw, 261px\" \/><\/a><figcaption><em>Wissensmanagement Referenzmodell <\/em><\/figcaption><\/figure><\/div>\n<\/div>\n<\/div>\n\n\n\n<p>Auf Basis langj\u00e4hriger Forschungs- und Entwicklungsarbeit wurde am CCCWM ein Referenzmodell zur Gestaltung von Wissensmanagement entwickelt. F\u00fcr die Unternehmenspraxis schafft das Referenzmodell einen systematischen Ausgangspunkt f\u00fcr Entscheidungen hinsichtlich der Implementierung und Anwendung von Wissensmanagement. Im Mittelpunkt des Referenzmodells stehen die wertsch\u00f6pfenden Gesch\u00e4ftsprozesse, in denen Wissen erzeugt, gespeichert, verteilt und angewendet wird. In den sechs Gestaltungsfeldern des Wissensmanagements werden optimale Rahmenbedingungen f\u00fcr den Lebenszyklus des Wissens im Unternehmen realisiert.\u00a0<a href=\"https:\/\/wissensmanagement.ipk.fraunhofer.de\/?page_id=221\">Sollten wir Ihr Interesse geweckt haben, z\u00f6gern Sie nicht uns kontaktieren!<\/a><\/p>\n\n\n\n<p><br><\/p>\n\n\n\n<p><\/p>\n\n\n\n<p><a href=\"https:\/\/wissensmanagement.ipk.fraunhofer.de\/?page_id=221\"><\/a><\/p>\n","protected":false},"excerpt":{"rendered":"<p>Der Bereich des Wissensmanagements erlebt durch die Kombination aus neuen Technologien, Anwendungstypen, sozialen Interaktionsmustern und Organisationsprinzipien sowie Gesch\u00e4ftsmodellen einen Wandel. Eine lernende Organisation, die ihre Ziele durch lernf\u00f6rderliche Handlungsmuster und neue Technologien erreicht, bedarf einer fachgem\u00e4\u00dfen Entwicklung und Beratung, um&#8230;<\/p>\n","protected":false},"author":3,"featured_media":0,"parent":0,"menu_order":0,"comment_status":"closed","ping_status":"closed","template":"","meta":[],"_links":{"self":[{"href":"https:\/\/wissensmanagement.ipk.fraunhofer.de\/index.php?rest_route=\/wp\/v2\/pages\/201"}],"collection":[{"href":"https:\/\/wissensmanagement.ipk.fraunhofer.de\/index.php?rest_route=\/wp\/v2\/pages"}],"about":[{"href":"https:\/\/wissensmanagement.ipk.fraunhofer.de\/index.php?rest_route=\/wp\/v2\/types\/page"}],"author":[{"embeddable":true,"href":"https:\/\/wissensmanagement.ipk.fraunhofer.de\/index.php?rest_route=\/wp\/v2\/users\/3"}],"replies":[{"embeddable":true,"href":"https:\/\/wissensmanagement.ipk.fraunhofer.de\/index.php?rest_route=%2Fwp%2Fv2%2Fcomments&post=201"}],"version-history":[{"count":106,"href":"https:\/\/wissensmanagement.ipk.fraunhofer.de\/index.php?rest_route=\/wp\/v2\/pages\/201\/revisions"}],"predecessor-version":[{"id":1589,"href":"https:\/\/wissensmanagement.ipk.fraunhofer.de\/index.php?rest_route=\/wp\/v2\/pages\/201\/revisions\/1589"}],"wp:attachment":[{"href":"https:\/\/wissensmanagement.ipk.fraunhofer.de\/index.php?rest_route=%2Fwp%2Fv2%2Fmedia&parent=201"}],"curies":[{"name":"wp","href":"https:\/\/api.w.org\/{rel}","templated":true}]}}