{"id":221,"date":"2018-07-31T15:53:50","date_gmt":"2018-07-31T13:53:50","guid":{"rendered":"http:\/\/wp8.ipk.fraunhofer.de\/?page_id=221"},"modified":"2021-04-29T12:13:38","modified_gmt":"2021-04-29T10:13:38","slug":"kontakt","status":"publish","type":"page","link":"https:\/\/wissensmanagement.ipk.fraunhofer.de\/?page_id=221","title":{"rendered":"Kontakt"},"content":{"rendered":"\n<p>\nGerne stehen wir Ihnen f\u00fcr Ihre Fragen, Anregungen und W\u00fcnsche zur Verf\u00fcgung.\n\n<\/p>\n\n\n\n<p><strong>Competence Center Wissensmanagement (CCWM)<\/strong><br>am Fraunhofer-Institut f\u00fcr Produktionsanlagen und Konstruktionstechnik IPK<br>Pascalstr. 8-9<br>10587 Berlin<\/p>\n\n\n\n<h3>Das Wissensmanagement Expertenteam des CCWM:<\/h3>\n\n\n\n<p><\/p>\n\n\n<p>\u00a0<\/p>\n<p><img loading=\"lazy\" class=\"size-full wp-image-121 alignleft\" src=\"https:\/\/wissensmanagement.ipk.fraunhofer.de\/wp-content\/uploads\/2018\/07\/orth.jpg\" alt=\"\" width=\"75\" height=\"107\" \/><strong>Dr.-Ing. Ronald Orth<\/strong><br \/>Abteilungsleiter Business Excellence Methoden<br \/>+49 30 39006-171<br \/><a href=\"mailto:ronald.orth@ipk.fraunhofer.de\">ronald.orth@ipk.fraunhofer.de<\/a><\/p>\n<hr \/>\n<p><strong><img loading=\"lazy\" class=\"alignleft wp-image-852\" src=\"https:\/\/wissensmanagement.ipk.fraunhofer.de\/wp-content\/uploads\/2019\/01\/MG-241x300.jpg\" alt=\"\" width=\"75\" height=\"93\" \/>M.Eng. Mila Galeitzke<\/strong><br \/>+49 30 39006-347<br \/><a href=\"mailto:mila.galeitzke@ipk.fraunhofer.de\">mila.galeitzke@ipk.fraunhofer.de<\/a><\/p>\n<hr \/>\n<p><img loading=\"lazy\" class=\"wp-image-854 alignleft\" src=\"https:\/\/wissensmanagement.ipk.fraunhofer.de\/wp-content\/uploads\/2019\/01\/Fabian_Hecklau.png\" alt=\"\" width=\"75\" height=\"85\" \/><strong>M.Sc. Fabian Hecklau<\/strong><br \/>+49 30 39006-158<br \/><a href=\"mailto:fabian.hecklau@ipk.fraunhofer.de\">fabian.hecklau@ipk.fraunhofer.de<\/a><\/p>\n<hr \/>\n<p><strong><img loading=\"lazy\" class=\"alignleft wp-image-123 size-full\" src=\"https:\/\/wissensmanagement.ipk.fraunhofer.de\/wp-content\/uploads\/2018\/07\/Will.jpg\" alt=\"\" width=\"75\" height=\"98\" \/>Dr.-Ing. Markus Will<\/strong><br \/>+49 30 39006-304<br \/><a href=\"mailto:Markus.Will@ipk.fraunhofer.de\">markus.will@ipk.fraunhofer.de<\/a><\/p>\n<hr \/>\n\n\n<h3>Leiter des Gesch\u00e4ftsfeldes Unternehmensmanagement:<\/h3>\n\n\n\n<div class=\"wp-block-image\"><figure class=\"alignleft is-resized\"><img loading=\"lazy\" src=\"https:\/\/wissensmanagement.ipk.fraunhofer.de\/wp-content\/uploads\/2018\/07\/kohl-1.jpg\" alt=\"\" class=\"wp-image-120\" width=\"76\" height=\"114\"\/><\/figure><\/div>\n\n\n\n<p><strong>Prof. Dr.-Ing. Holger Kohl<\/strong><br> +49 30 39006-233<br><a href=\"mailto:holger.kohl@ipk.fraunhofer.de\">holger.kohl@ipk.fraunhofer.de<\/a><\/p>\n","protected":false},"excerpt":{"rendered":"<p>Gerne stehen wir Ihnen f\u00fcr Ihre Fragen, Anregungen und W\u00fcnsche zur Verf\u00fcgung. Competence Center Wissensmanagement (CCWM)am Fraunhofer-Institut f\u00fcr Produktionsanlagen und Konstruktionstechnik IPKPascalstr. 8-910587 Berlin Das Wissensmanagement Expertenteam des CCWM: \u00a0 Dr.-Ing. Ronald OrthAbteilungsleiter Business Excellence Methoden+49 30 39006-171ronald.orth@ipk.fraunhofer.de M.Eng. Mila&#8230;<\/p>\n","protected":false},"author":3,"featured_media":0,"parent":0,"menu_order":0,"comment_status":"closed","ping_status":"closed","template":"","meta":[],"_links":{"self":[{"href":"https:\/\/wissensmanagement.ipk.fraunhofer.de\/index.php?rest_route=\/wp\/v2\/pages\/221"}],"collection":[{"href":"https:\/\/wissensmanagement.ipk.fraunhofer.de\/index.php?rest_route=\/wp\/v2\/pages"}],"about":[{"href":"https:\/\/wissensmanagement.ipk.fraunhofer.de\/index.php?rest_route=\/wp\/v2\/types\/page"}],"author":[{"embeddable":true,"href":"https:\/\/wissensmanagement.ipk.fraunhofer.de\/index.php?rest_route=\/wp\/v2\/users\/3"}],"replies":[{"embeddable":true,"href":"https:\/\/wissensmanagement.ipk.fraunhofer.de\/index.php?rest_route=%2Fwp%2Fv2%2Fcomments&post=221"}],"version-history":[{"count":24,"href":"https:\/\/wissensmanagement.ipk.fraunhofer.de\/index.php?rest_route=\/wp\/v2\/pages\/221\/revisions"}],"predecessor-version":[{"id":1859,"href":"https:\/\/wissensmanagement.ipk.fraunhofer.de\/index.php?rest_route=\/wp\/v2\/pages\/221\/revisions\/1859"}],"wp:attachment":[{"href":"https:\/\/wissensmanagement.ipk.fraunhofer.de\/index.php?rest_route=%2Fwp%2Fv2%2Fmedia&parent=221"}],"curies":[{"name":"wp","href":"https:\/\/api.w.org\/{rel}","templated":true}]}}