{"id":272,"date":"2018-08-01T14:01:13","date_gmt":"2018-08-01T12:01:13","guid":{"rendered":"http:\/\/wp8.ipk.fraunhofer.de\/?page_id=272"},"modified":"2019-12-02T18:26:33","modified_gmt":"2019-12-02T17:26:33","slug":"industrie-projekte","status":"publish","type":"page","link":"https:\/\/wissensmanagement.ipk.fraunhofer.de\/?page_id=272","title":{"rendered":"Industrieprojekte"},"content":{"rendered":"In zahlreichen Projekten mit Partnern aus der Industrie und dem Dienstleistungssektor hat das CCWM aufgrund seiner ausgepr\u00e4gten Anwendungsorientierung praktikable und erfolgreiche L\u00f6sungen entwickelt und eingef\u00fchrt. Hier finden Sie eine Projektauswahl:\n<ul>\n \t<li><a href=\"https:\/\/wissensmanagement.ipk.fraunhofer.de\/?page_id=1623\">Erstellung eines Community Guidebooks und Webinars<\/a><\/li>\n \t<li><a href=\"https:\/\/wissensmanagement.ipk.fraunhofer.de\/?page_id=1609\">Wissensmanegment in der Produktion<\/a><\/li>\n \t<li><a class=\"internal-link\" title=\"Opens internal link in current window\" href=\"https:\/\/wissensmanagement.ipk.fraunhofer.de\/?page_id=642\">Expertennetzwerke erfolgreich gestalten<\/a><\/li>\n \t<li><a class=\"internal-link\" title=\"Opens internal link in current window\" href=\"https:\/\/wissensmanagement.ipk.fraunhofer.de\/?page_id=646\">Wissensbilanzen in der \u00f6ffentlichen Verwaltung<\/a><\/li>\n \t<li><a class=\"internal-link\" title=\"Opens internal link in current window\" href=\"https:\/\/wissensmanagement.ipk.fraunhofer.de\/?page_id=651\">Einf\u00fchrung der Wissensbilanz in den Gesch\u00e4ftsbericht der EnBW AG<\/a><\/li>\n \t<li><a class=\"internal-link\" title=\"Opens internal link in current window\" href=\"https:\/\/wissensmanagement.ipk.fraunhofer.de\/?page_id=654\">Lust, Wissen zu teilen? Einf\u00fchrung eines Ideenmanagements als Grundlage f\u00fcr einen verbesserten Wissenstransfer<\/a><\/li>\n<\/ul>","protected":false},"excerpt":{"rendered":"<p>In zahlreichen Projekten mit Partnern aus der Industrie und dem Dienstleistungssektor hat das CCWM aufgrund seiner ausgepr\u00e4gten Anwendungsorientierung praktikable und erfolgreiche L\u00f6sungen entwickelt und eingef\u00fchrt. Hier finden Sie eine Projektauswahl: Erstellung eines Community Guidebooks und Webinars Wissensmanegment in der Produktion&#8230;<\/p>\n","protected":false},"author":3,"featured_media":0,"parent":0,"menu_order":0,"comment_status":"closed","ping_status":"closed","template":"","meta":[],"_links":{"self":[{"href":"https:\/\/wissensmanagement.ipk.fraunhofer.de\/index.php?rest_route=\/wp\/v2\/pages\/272"}],"collection":[{"href":"https:\/\/wissensmanagement.ipk.fraunhofer.de\/index.php?rest_route=\/wp\/v2\/pages"}],"about":[{"href":"https:\/\/wissensmanagement.ipk.fraunhofer.de\/index.php?rest_route=\/wp\/v2\/types\/page"}],"author":[{"embeddable":true,"href":"https:\/\/wissensmanagement.ipk.fraunhofer.de\/index.php?rest_route=\/wp\/v2\/users\/3"}],"replies":[{"embeddable":true,"href":"https:\/\/wissensmanagement.ipk.fraunhofer.de\/index.php?rest_route=%2Fwp%2Fv2%2Fcomments&post=272"}],"version-history":[{"count":11,"href":"https:\/\/wissensmanagement.ipk.fraunhofer.de\/index.php?rest_route=\/wp\/v2\/pages\/272\/revisions"}],"predecessor-version":[{"id":1801,"href":"https:\/\/wissensmanagement.ipk.fraunhofer.de\/index.php?rest_route=\/wp\/v2\/pages\/272\/revisions\/1801"}],"wp:attachment":[{"href":"https:\/\/wissensmanagement.ipk.fraunhofer.de\/index.php?rest_route=%2Fwp%2Fv2%2Fmedia&parent=272"}],"curies":[{"name":"wp","href":"https:\/\/api.w.org\/{rel}","templated":true}]}}