{"id":275,"date":"2018-08-01T14:01:34","date_gmt":"2018-08-01T12:01:34","guid":{"rendered":"http:\/\/wp8.ipk.fraunhofer.de\/?page_id=275"},"modified":"2019-02-19T15:16:28","modified_gmt":"2019-02-19T14:16:28","slug":"oeffentliche-projekte","status":"publish","type":"page","link":"https:\/\/wissensmanagement.ipk.fraunhofer.de\/?page_id=275","title":{"rendered":"\u00d6ffentliche Projekte"},"content":{"rendered":"<p style=\"text-align: left;\">In zahlreichen Projekten mit Partnern aus der Industrie und der \u00f6ffentlichen Verwaltung hat das CCWM aufgrund seiner ausgepr\u00e4gten Anwendungsorientierung praktikable und erfolgreiche L\u00f6sungen entwickelt und eingef\u00fchrt. Hier finden Sie eine Auswahl unserer Projekte:<\/p>\n<ul>\n<li><a href=\"https:\/\/wissensmanagement.ipk.fraunhofer.de\/?page_id=1612\">Erfahrungs- und Wissenssicherung bei ausscheidenden Mitarbeiterinnen und Mitarbeiter<\/a><\/li>\n<li><a href=\"https:\/\/wissensmanagement.ipk.fraunhofer.de\/?page_id=284\">SFB 1026 &#8211; Sustainable Manufacturing<\/a><\/li>\n<li><a href=\"https:\/\/wissensmanagement.ipk.fraunhofer.de\/?page_id=291\">ProWis: Prozessorientiertes Wissensmanagement in KMU<\/a><\/li>\n<li><a href=\"https:\/\/wissensmanagement.ipk.fraunhofer.de\/?page_id=294\">CADIC &#8211; Cross Organisational Assessment and Development in Intelectual Capital<\/a><\/li>\n<li><a href=\"https:\/\/wissensmanagement.ipk.fraunhofer.de\/?page_id=299\">Intellecutal Capital Statement &#8211; Made in Europe (InCaS)<\/a><\/li>\n<li><a href=\"https:\/\/wissensmanagement.ipk.fraunhofer.de\/?page_id=303\">Wissensbilanz &#8211; Made in Germany<\/a><\/li>\n<li><a href=\"https:\/\/wissensmanagement.ipk.fraunhofer.de\/?page_id=306\">Zukunftscheck Mittelstand<\/a><\/li>\n<\/ul>\n\n\n<figure class=\"wp-block-image\"><img loading=\"lazy\" width=\"987\" height=\"527\" src=\"https:\/\/wissensmanagement.ipk.fraunhofer.de\/wp-content\/uploads\/2018\/09\/ausgew\u00e4hlte-Referenzen-des-CCWM-1.png\" alt=\"\" class=\"wp-image-689\" srcset=\"https:\/\/wissensmanagement.ipk.fraunhofer.de\/wp-content\/uploads\/2018\/09\/ausgew\u00e4hlte-Referenzen-des-CCWM-1.png 987w, https:\/\/wissensmanagement.ipk.fraunhofer.de\/wp-content\/uploads\/2018\/09\/ausgew\u00e4hlte-Referenzen-des-CCWM-1-300x160.png 300w, https:\/\/wissensmanagement.ipk.fraunhofer.de\/wp-content\/uploads\/2018\/09\/ausgew\u00e4hlte-Referenzen-des-CCWM-1-768x410.png 768w\" sizes=\"(max-width: 987px) 100vw, 987px\" \/><figcaption><strong>Ausgew\u00e4hlte Referenzen des CCWM<\/strong><\/figcaption><\/figure>\n","protected":false},"excerpt":{"rendered":"<p>In zahlreichen Projekten mit Partnern aus der Industrie und der \u00f6ffentlichen Verwaltung hat das CCWM aufgrund seiner ausgepr\u00e4gten Anwendungsorientierung praktikable und erfolgreiche L\u00f6sungen entwickelt und eingef\u00fchrt. Hier finden Sie eine Auswahl unserer Projekte: Erfahrungs- und Wissenssicherung bei ausscheidenden Mitarbeiterinnen und&#8230;<\/p>\n","protected":false},"author":3,"featured_media":0,"parent":0,"menu_order":0,"comment_status":"closed","ping_status":"closed","template":"","meta":[],"_links":{"self":[{"href":"https:\/\/wissensmanagement.ipk.fraunhofer.de\/index.php?rest_route=\/wp\/v2\/pages\/275"}],"collection":[{"href":"https:\/\/wissensmanagement.ipk.fraunhofer.de\/index.php?rest_route=\/wp\/v2\/pages"}],"about":[{"href":"https:\/\/wissensmanagement.ipk.fraunhofer.de\/index.php?rest_route=\/wp\/v2\/types\/page"}],"author":[{"embeddable":true,"href":"https:\/\/wissensmanagement.ipk.fraunhofer.de\/index.php?rest_route=\/wp\/v2\/users\/3"}],"replies":[{"embeddable":true,"href":"https:\/\/wissensmanagement.ipk.fraunhofer.de\/index.php?rest_route=%2Fwp%2Fv2%2Fcomments&post=275"}],"version-history":[{"count":20,"href":"https:\/\/wissensmanagement.ipk.fraunhofer.de\/index.php?rest_route=\/wp\/v2\/pages\/275\/revisions"}],"predecessor-version":[{"id":1709,"href":"https:\/\/wissensmanagement.ipk.fraunhofer.de\/index.php?rest_route=\/wp\/v2\/pages\/275\/revisions\/1709"}],"wp:attachment":[{"href":"https:\/\/wissensmanagement.ipk.fraunhofer.de\/index.php?rest_route=%2Fwp%2Fv2%2Fmedia&parent=275"}],"curies":[{"name":"wp","href":"https:\/\/api.w.org\/{rel}","templated":true}]}}