{"id":294,"date":"2018-08-01T14:29:37","date_gmt":"2018-08-01T12:29:37","guid":{"rendered":"http:\/\/wp8.ipk.fraunhofer.de\/?page_id=294"},"modified":"2019-02-19T14:16:17","modified_gmt":"2019-02-19T13:16:17","slug":"cadic-cross-organisational-assessment-and-development-of-intellectual-capital","status":"publish","type":"page","link":"https:\/\/wissensmanagement.ipk.fraunhofer.de\/?page_id=294","title":{"rendered":"CADIC \u2013 Cross Organisational Assessment and Development of Intellectual Capital"},"content":{"rendered":"<hr>\n<p>Auftraggeber:<br>\nEurop\u00e4ische Kommission<\/p>\n<hr>\n<p>Projektpartner:<\/p>\n<ul>\n<li>5 Unternehmensnetzwerke<\/li>\n<li>6 Unternehmensverb\u00e4nde<\/li>\n<li>4 wissenschaftliche Partner<\/li>\n<\/ul>\n<hr>\n<p>Laufzeit:<br>\n2 Jahre<\/p>\n<hr>\n<p>Inhalt:<br>\nZur F\u00f6rderung der Wettbewerbsf\u00e4higkeit kleiner und mittelst\u00e4ndischer Unternehmen in Europa hat die Europ\u00e4ische Kommission im Zuge des 7. Forschungsrahmenprogramms die F\u00f6rderung des Projektes \u201eCADIC: Cross-organisational Assessment and Development of Intellectual Capital&#8220; zugesagt. Um im internationalen Wettbewerb Schritt zu halten, h\u00e4ngen Wettbewerbs- und Innovationsf\u00e4higkeit von Unternehmen zunehmend von einer effizienten Vernetzung und starken Kooperationen ab. Vor allem kleine und mittelst\u00e4ndische Unternehmen (KMU) profitieren von der wirtschaftlichen und organisatorischen Einbindung in Unternehmensnetzwerke.Ziel des EU-Projektes \u201eCADIC&#8220; ist es, insbesondere KMU im europ\u00e4ischen Wirtschaftsraum dabei zu unterst\u00fctzen, ihr Engagement in Netzwerken und Clustern effizient und zielorientiert zu gestalten und zu managen. Im Vordergrund steht dabei die Weiterentwicklung und St\u00e4rkung der immateriellen Faktoren, die eine erfolgreiche Zusammenarbeit in Netzwerken ausmachen.<br>\nDaf\u00fcr werden w\u00e4hrend einer Projektlaufzeit von 2,5 Jahren Methoden und Dienstleistungen entwickelt, die sowohl beim Management bestehender als auch bei der Initiierung von neuen Netzwerkstrukturen Hilfestellungen f\u00fcr das einzelne Unternehmen bieten.<br>\nDabei sollen innovative L\u00f6sungen entwickelt werden, die Unternehmen dabei unterst\u00fctzen ihre Wissensressourcen, das sogenannte Intellektuelle Kapital (IK), gezielt f\u00fcr die Zusammenarbeit mit anderen Firmen auszubauen und besser zu nutzen. Ziel ist es, in Netzwerkkooperationen gr\u00f6\u00dftm\u00f6gliche Synergien f\u00fcr die Unternehmen zu schaffen.<\/p>\n<hr>\n<p>Ergebnisse:<br>\nUnter der wissenschaftlichen Leitung des Fraunhofer IPK werden w\u00e4hrend der Projektlaufzeit folgende Projektergebnisse erarbeitet:<\/p>\n<ul>\n<li>Ein Leitfaden beschreibt die einzelnen Bausteine der Methode und zeigt&nbsp; Anwendungsm\u00f6glichkeiten f\u00fcr die Kernaktivit\u00e4ten von IK-bezogenem Netzwerkmanagement auf (sowohl auf Unternehmens- als auch auf Netzwerkebene).<\/li>\n<li>Das CADIC IK-Benchmarking System wird Unternehmen dabei unterst\u00fctzen, geeignete Partner f\u00fcr den gezielten Wissens- und Erfahrungsaustausch im eigenen oder anderen Netzwerken zu finden.<\/li>\n<li>Eine Web Plattform wird diverse Online Dienstleistungen zur Verf\u00fcgung stellen, die Unternehmen einen schnellen und transparenten Zugang zu Netzwerkaktivit\u00e4ten erm\u00f6glichen.<\/li>\n<li>Zus\u00e4tzliche Service-Module werden die \u201eOffline\u201c Zusammenarbeit zwischen kollaborierenden Partnern unterst\u00fctzen.<br>\n<hr>\n<\/li>\n<\/ul>\n<p>Weitere Informationen finden Sie unter:<\/p>\n<ul>\n<li><a href=\"https:\/\/www.cadic-guideline.org\/\" target=\"_blank\" rel=\"noopener\">CADIC GUIDELINE &amp; TOOL BOX<\/a><\/li>\n<li><a href=\"http:\/\/www.cadic-europe.org\/\" target=\"_blank\" rel=\"noopener\">CADIC KONSORTIUM<\/a><\/li>\n<\/ul>\n\n\n<hr class=\"wp-block-separator\"\/>\n","protected":false},"excerpt":{"rendered":"<p>Auftraggeber: Europ\u00e4ische Kommission Projektpartner: 5 Unternehmensnetzwerke 6 Unternehmensverb\u00e4nde 4 wissenschaftliche Partner Laufzeit: 2 Jahre Inhalt: Zur F\u00f6rderung der Wettbewerbsf\u00e4higkeit kleiner und mittelst\u00e4ndischer Unternehmen in Europa hat die Europ\u00e4ische Kommission im Zuge des 7. Forschungsrahmenprogramms die F\u00f6rderung des Projektes \u201eCADIC: Cross-organisational&#8230;<\/p>\n","protected":false},"author":3,"featured_media":0,"parent":0,"menu_order":0,"comment_status":"closed","ping_status":"closed","template":"","meta":[],"_links":{"self":[{"href":"https:\/\/wissensmanagement.ipk.fraunhofer.de\/index.php?rest_route=\/wp\/v2\/pages\/294"}],"collection":[{"href":"https:\/\/wissensmanagement.ipk.fraunhofer.de\/index.php?rest_route=\/wp\/v2\/pages"}],"about":[{"href":"https:\/\/wissensmanagement.ipk.fraunhofer.de\/index.php?rest_route=\/wp\/v2\/types\/page"}],"author":[{"embeddable":true,"href":"https:\/\/wissensmanagement.ipk.fraunhofer.de\/index.php?rest_route=\/wp\/v2\/users\/3"}],"replies":[{"embeddable":true,"href":"https:\/\/wissensmanagement.ipk.fraunhofer.de\/index.php?rest_route=%2Fwp%2Fv2%2Fcomments&post=294"}],"version-history":[{"count":6,"href":"https:\/\/wissensmanagement.ipk.fraunhofer.de\/index.php?rest_route=\/wp\/v2\/pages\/294\/revisions"}],"predecessor-version":[{"id":1653,"href":"https:\/\/wissensmanagement.ipk.fraunhofer.de\/index.php?rest_route=\/wp\/v2\/pages\/294\/revisions\/1653"}],"wp:attachment":[{"href":"https:\/\/wissensmanagement.ipk.fraunhofer.de\/index.php?rest_route=%2Fwp%2Fv2%2Fmedia&parent=294"}],"curies":[{"name":"wp","href":"https:\/\/api.w.org\/{rel}","templated":true}]}}