{"id":441,"date":"2018-08-08T15:22:04","date_gmt":"2018-08-08T13:22:04","guid":{"rendered":"http:\/\/wp8.ipk.fraunhofer.de\/?page_id=441"},"modified":"2019-02-26T10:54:02","modified_gmt":"2019-02-26T09:54:02","slug":"orientierung-wissensmanagement-roadmapping","status":"publish","type":"page","link":"https:\/\/wissensmanagement.ipk.fraunhofer.de\/?page_id=441","title":{"rendered":"Orientierungsphase"},"content":{"rendered":"Um Interessierte an die Themen und Methoden des Wissensmanagements heranzuf\u00fchren, stehen besonders drei Angebote des CCWM im Mittelpunkt: Der Wissensbilanz Schnelltest und Wissensmanagement-Fitnesscheck sowie Wissensmanagement Roadmapping.\n\n<hr \/>\n\n<h3>Wissensbilanz Schnelltest<\/h3>\nDer <a href=\"https:\/\/wissensmanagement.ipk.fraunhofer.de\/wp-content\/uploads\/2019\/02\/190213_WB_Schnelltest_Website.pdf\">Wissensbilanz Schnelltest<\/a> wurde aus den Bewertungskriterien der Wissensbilanz erstellt und bietet Organisationen einen initialen Einstieg in das Thema Wissensmanagement. So k\u00f6nnen sich Interessierte mit Hilfe eines Online-Fragebogens in sehr kurzer Zeit einen ersten Eindruck \u00fcber die Chancen, Risiken und die Verbesserungspotenziale von immateriellen Verm\u00f6genswerten in ihrer Organisation verschaffen.\n\n<hr \/>\n\n<h3>Wissensmanagement Fitnesscheck<\/h3>\nDer Wissensmanagement Fitnesscheck dient der Sensibilisierung f\u00fcr Wissensmanagement-Themen im Unternehmen und wird mithilfe eines Online-Fragebogens durchgef\u00fchrt. Der Fokus des Fitnesschecks liegt darauf, einen ersten \u00dcberblick \u00fcber die relevantesten Wissensfelder, die WM-Kernaktivit\u00e4ten (Wissen erzeugen, speichern, verteilen und anwenden) und die organisationalen Rahmenbedingungen zu bieten. Der WM-Fitnesscheck steht unter\u00a0<a href=\"http:\/\/www.prowis.net\/\">www.prowis.net<\/a>\u00a0zur freien Verf\u00fcgung und kann in Eigenregie ausgef\u00fcllt und ausgewertet werden.\n\n<hr \/>\n\n<h3>Wissensmanagement Roadmapping<\/h3>\nDie Br\u00fccke zwischen Orientierung und Umsetzung schl\u00e4gt das Wissensmanagement Roadmapping. Hier werden gemeinsam mit Unternehmensvertretern organisationsspezifische Anforderungen an das Wissensmanagement ermittelt. Anschlie\u00dfend werden, aufbauend auf diesen Anforderungen, Ma\u00dfnahmen erarbeitet, priorisiert und in eine zeitliche Abfolge gebracht. Die Ergebnisse des Prozesses werden \u00fcbersichtlich in einer Wissensmanagement Roadmap zusammengefasst.","protected":false},"excerpt":{"rendered":"<p>Um Interessierte an die Themen und Methoden des Wissensmanagements heranzuf\u00fchren, stehen besonders drei Angebote des CCWM im Mittelpunkt: Der Wissensbilanz Schnelltest und Wissensmanagement-Fitnesscheck sowie Wissensmanagement Roadmapping. Wissensbilanz Schnelltest Der Wissensbilanz Schnelltest wurde aus den Bewertungskriterien der Wissensbilanz erstellt und bietet&#8230;<\/p>\n","protected":false},"author":3,"featured_media":0,"parent":0,"menu_order":0,"comment_status":"closed","ping_status":"closed","template":"","meta":[],"_links":{"self":[{"href":"https:\/\/wissensmanagement.ipk.fraunhofer.de\/index.php?rest_route=\/wp\/v2\/pages\/441"}],"collection":[{"href":"https:\/\/wissensmanagement.ipk.fraunhofer.de\/index.php?rest_route=\/wp\/v2\/pages"}],"about":[{"href":"https:\/\/wissensmanagement.ipk.fraunhofer.de\/index.php?rest_route=\/wp\/v2\/types\/page"}],"author":[{"embeddable":true,"href":"https:\/\/wissensmanagement.ipk.fraunhofer.de\/index.php?rest_route=\/wp\/v2\/users\/3"}],"replies":[{"embeddable":true,"href":"https:\/\/wissensmanagement.ipk.fraunhofer.de\/index.php?rest_route=%2Fwp%2Fv2%2Fcomments&post=441"}],"version-history":[{"count":17,"href":"https:\/\/wissensmanagement.ipk.fraunhofer.de\/index.php?rest_route=\/wp\/v2\/pages\/441\/revisions"}],"predecessor-version":[{"id":1737,"href":"https:\/\/wissensmanagement.ipk.fraunhofer.de\/index.php?rest_route=\/wp\/v2\/pages\/441\/revisions\/1737"}],"wp:attachment":[{"href":"https:\/\/wissensmanagement.ipk.fraunhofer.de\/index.php?rest_route=%2Fwp%2Fv2%2Fmedia&parent=441"}],"curies":[{"name":"wp","href":"https:\/\/api.w.org\/{rel}","templated":true}]}}