{"id":646,"date":"2018-08-20T14:12:17","date_gmt":"2018-08-20T12:12:17","guid":{"rendered":"http:\/\/wp8.ipk.fraunhofer.de\/?page_id=646"},"modified":"2019-02-19T13:55:42","modified_gmt":"2019-02-19T12:55:42","slug":"wissensbilanzen-in-der-oeffentlichen-verwaltung","status":"publish","type":"page","link":"https:\/\/wissensmanagement.ipk.fraunhofer.de\/?page_id=646","title":{"rendered":"Wissensbilanzen in der \u00f6ffentlichen Verwaltung"},"content":{"rendered":"<hr \/>\n\nAuftraggeber:\nBerufsgenossenschaft f\u00fcr Gesundheitsdienst und Wohlfahrtspflege\n\n<hr \/>\n\nInhalt:\n\nWissensbilanzen erm\u00f6glichen es, immaterielle Verm\u00f6genswerte einer Organisation systematisch zu erfassen und zu steuern. Bis dato wird diese noch recht junge Methode gr\u00f6\u00dftenteils in der Privatwirtschaft genutzt. Aber auch in der \u00f6ffentlichen Verwaltung stellen immaterielle Verm\u00f6genswerte zentrale Erfolgsfaktoren f\u00fcr die Erreichung der Organisationsziele dar. Die Berufsgenossenschaft f\u00fcr Gesundheitsdienst und Wohlfahrtspflege(BGW) hat daher mit der Unterst\u00fctzung des Competence Centers Wissensmanagement die Anwendung der Methode erprobt.\n\n<hr \/>\n\nErgebnisse:\n<ul>\n \t<li>Erfolgreicher Einsatz der Wissensbilanz \u2013 Made in Germany in einer \u00f6ffentlichen Einrichtung<\/li>\n \t<li>Integration zentraler und dezentraler Einheiten in den Prozess der Wissensbilanzierung<\/li>\n \t<li>Adaptiertes Vorgehen und organisationsspezifischer Leitfaden zur Wissensbilanzierung<\/li>\n \t<li>Einbindung der Besch\u00e4ftigen in den Prozess der Organisationsentwicklung<\/li>\n<\/ul>\nWeitere Informationen zum Vorgehen und den Ergebnissen des Projektes finden Sie in Ausgabe der Ausgabe 3\/2011 der Zeitschrift Innovative Verwaltung.\n\n<hr \/>","protected":false},"excerpt":{"rendered":"<p>Auftraggeber: Berufsgenossenschaft f\u00fcr Gesundheitsdienst und Wohlfahrtspflege Inhalt: Wissensbilanzen erm\u00f6glichen es, immaterielle Verm\u00f6genswerte einer Organisation systematisch zu erfassen und zu steuern. Bis dato wird diese noch recht junge Methode gr\u00f6\u00dftenteils in der Privatwirtschaft genutzt. Aber auch in der \u00f6ffentlichen Verwaltung stellen&#8230;<\/p>\n","protected":false},"author":3,"featured_media":0,"parent":0,"menu_order":0,"comment_status":"closed","ping_status":"closed","template":"","meta":[],"_links":{"self":[{"href":"https:\/\/wissensmanagement.ipk.fraunhofer.de\/index.php?rest_route=\/wp\/v2\/pages\/646"}],"collection":[{"href":"https:\/\/wissensmanagement.ipk.fraunhofer.de\/index.php?rest_route=\/wp\/v2\/pages"}],"about":[{"href":"https:\/\/wissensmanagement.ipk.fraunhofer.de\/index.php?rest_route=\/wp\/v2\/types\/page"}],"author":[{"embeddable":true,"href":"https:\/\/wissensmanagement.ipk.fraunhofer.de\/index.php?rest_route=\/wp\/v2\/users\/3"}],"replies":[{"embeddable":true,"href":"https:\/\/wissensmanagement.ipk.fraunhofer.de\/index.php?rest_route=%2Fwp%2Fv2%2Fcomments&post=646"}],"version-history":[{"count":3,"href":"https:\/\/wissensmanagement.ipk.fraunhofer.de\/index.php?rest_route=\/wp\/v2\/pages\/646\/revisions"}],"predecessor-version":[{"id":1636,"href":"https:\/\/wissensmanagement.ipk.fraunhofer.de\/index.php?rest_route=\/wp\/v2\/pages\/646\/revisions\/1636"}],"wp:attachment":[{"href":"https:\/\/wissensmanagement.ipk.fraunhofer.de\/index.php?rest_route=%2Fwp%2Fv2%2Fmedia&parent=646"}],"curies":[{"name":"wp","href":"https:\/\/api.w.org\/{rel}","templated":true}]}}