{"id":654,"date":"2018-08-20T14:16:22","date_gmt":"2018-08-20T12:16:22","guid":{"rendered":"http:\/\/wp8.ipk.fraunhofer.de\/?page_id=654"},"modified":"2019-02-19T11:51:04","modified_gmt":"2019-02-19T10:51:04","slug":"lust-wissen-zu-teilen-einfuehrung-eines-ideenmanagements-als-grundlage-fuer-einen-verbesserten-wissenstransfer","status":"publish","type":"page","link":"https:\/\/wissensmanagement.ipk.fraunhofer.de\/?page_id=654","title":{"rendered":"Lust, Wissen zu teilen? Einf\u00fchrung eines Ideenmanagements als Grundlage f\u00fcr einen verbesserten Wissenstransfer"},"content":{"rendered":"<hr \/>\n\nAuftraggeber:\nAutomobilzulieferer\n\n<hr \/>\n\nLaufzeit:\n3 Monate\n\n<hr \/>\n\nInhalt:\nDas Ideenmanagement dient zum einen dazu, Mitarbeiter zu motivieren, indem sie als Ideen-Geber aktiv in die Gestaltung ihres Arbeitsumfeldes einbezogen werden. Zum anderen sollen Verbesserungen innerhalb des Unternehmens m\u00f6glichst schnell und unb\u00fcrokratisch identifiziert und umgesetzt werden. Zahlreiche Beispiele zeigen, dass ein lebendiges Ideenmanagement positive Effekte auf das Betriebsklima haben kann, sowie immense Einsparungen durch die Ideen der Mitarbeiter erzielt werden k\u00f6nnen.\n\nZiel war es, die Mitarbeiter zu motivieren und einzubeziehen, um Verbesserungen innerhalb des Unternehmens aufzuzeigen und umzusetzen. In diesem Fall sollte konkret die Anzahl und die Wertigkeit der eingereichten Ideen erh\u00f6ht und eine bessere Controllingm\u00f6glichkeit geschaffen werden. Zu pr\u00fcfen und zu gestalten waren die Faktoren F\u00fchrung und Kommunikation, Motivation und Anreize, sowie der Prozess von der Idee zur Umsetzung im Unternehmen.\n\nDas Competence Center Wissensmanagement konzipierte einen Prozess, der die Abl\u00e4ufe vom Einreichen bis zur Umsetzung der Ideen und die einzelnen Instanzen definiert.\n\n<hr \/>\n\nErgebnisse:\n<ul type=\"disc\">\n \t<li>Begleitung und Unterst\u00fctzung der internen Kommunikation und des internen Marketings\n(Kick-offs, Workshops, Give-aways)<\/li>\n \t<li>Entwicklung und Einf\u00fchrung eines Pr\u00e4miensystems zur Wertsch\u00e4tzung der Mitarbeiter<\/li>\n \t<li>Konzeption und Begleitung der F\u00fchrungskr\u00e4fteentwicklung und Schulung der Mitarbeiter<\/li>\n \t<li>Integration einer begleitenden Software (zentrale Steuerung)<\/li>\n \t<li>Begleitung und Pr\u00fcfung des laufenden IdM-Prozesses nach der Einf\u00fchrung<\/li>\n \t<li>Evaluation der Umsetzung und erneute Anschubmotivation, ggf. kleine Anpassungen des IdM<\/li>\n<\/ul>\n\n<hr \/>","protected":false},"excerpt":{"rendered":"<p>Auftraggeber: Automobilzulieferer Laufzeit: 3 Monate Inhalt: Das Ideenmanagement dient zum einen dazu, Mitarbeiter zu motivieren, indem sie als Ideen-Geber aktiv in die Gestaltung ihres Arbeitsumfeldes einbezogen werden. Zum anderen sollen Verbesserungen innerhalb des Unternehmens m\u00f6glichst schnell und unb\u00fcrokratisch identifiziert und&#8230;<\/p>\n","protected":false},"author":3,"featured_media":0,"parent":0,"menu_order":0,"comment_status":"closed","ping_status":"closed","template":"","meta":[],"_links":{"self":[{"href":"https:\/\/wissensmanagement.ipk.fraunhofer.de\/index.php?rest_route=\/wp\/v2\/pages\/654"}],"collection":[{"href":"https:\/\/wissensmanagement.ipk.fraunhofer.de\/index.php?rest_route=\/wp\/v2\/pages"}],"about":[{"href":"https:\/\/wissensmanagement.ipk.fraunhofer.de\/index.php?rest_route=\/wp\/v2\/types\/page"}],"author":[{"embeddable":true,"href":"https:\/\/wissensmanagement.ipk.fraunhofer.de\/index.php?rest_route=\/wp\/v2\/users\/3"}],"replies":[{"embeddable":true,"href":"https:\/\/wissensmanagement.ipk.fraunhofer.de\/index.php?rest_route=%2Fwp%2Fv2%2Fcomments&post=654"}],"version-history":[{"count":2,"href":"https:\/\/wissensmanagement.ipk.fraunhofer.de\/index.php?rest_route=\/wp\/v2\/pages\/654\/revisions"}],"predecessor-version":[{"id":1603,"href":"https:\/\/wissensmanagement.ipk.fraunhofer.de\/index.php?rest_route=\/wp\/v2\/pages\/654\/revisions\/1603"}],"wp:attachment":[{"href":"https:\/\/wissensmanagement.ipk.fraunhofer.de\/index.php?rest_route=%2Fwp%2Fv2%2Fmedia&parent=654"}],"curies":[{"name":"wp","href":"https:\/\/api.w.org\/{rel}","templated":true}]}}